{"id":2133,"date":"2017-02-06T12:14:29","date_gmt":"2017-02-06T11:14:29","guid":{"rendered":"http:\/\/artevidasuites.granadacontigo.com\/?page_id=2133\/"},"modified":"2019-06-10T10:35:59","modified_gmt":"2019-06-10T08:35:59","slug":"legal-warning","status":"publish","type":"page","link":"https:\/\/www.artevidasuites.com\/en\/legal-warning\/","title":{"rendered":"Legal Warning"},"content":{"rendered":"<p><strong>IDENTIDAD DEL PROPIETARIO DE LA WEB<\/strong><\/p>\n<p class=\"Contenidodelatabla\">De acuerdo con lo dispuesto en el art\u00edculo 10 de la Ley 34\/2002, de 11 de julio, de Servicios de la Sociedad de la Informaci\u00f3n le informamos de que Bunshi S.L.U con CIF B24503880 y domicilio a estos efectos en Calle Laurel de San Mat\u00edas 8, 18009 Granada, registrada en el Registro Mercantil de GRANADA, en el tomo\u00a0 1447, hoja GR40777, es la entidad responsable de los sitios web <a href=\"http:\/\/www.artevidasuites.com\/\">www.artevidasuites.com<\/a>\u00a0y\u00a0 <a href=\"http:\/\/www.artevidaspa.com\/\">www.artevidaspa.com<\/a><\/p>\n<p><strong>ACEPTACI\u00d3N Y CONDICIONES GENERALES DE USO DE LA WEB<\/strong><\/p>\n<p>Las condiciones de la Web que el titular pone al servicio de los usuarios son aceptadas por los mismos, de todas y cada una de las condiciones que se incorporan en el presente aviso legal. Si quiere ponerse en contacto con nosotros, puede hacerlo a trav\u00e9s del siguiente correo electr\u00f3nico: <a href=\"mailto:info@artevidasuites.com\">info@artevidasuites.com<\/a><\/p>\n<p>El usuario de la web se compromete a:<\/p>\n<p><strong>1.<\/strong> Utilizar los contenidos o servicios que hubiera en la Web de manera legal, no pudiendo hacer uso de los contenidos de la misma sin consentimiento expreso del titular.<\/p>\n<p><strong>2.<\/strong> No introducir programas, virus u otros agentes malware que pudieran interrumpir o alterar el uso de la misma.<\/p>\n<p><strong>3.<\/strong> No difundir im\u00e1genes, v\u00eddeos, textos u otros contenidos de esta web salvo que medie el consentimiento expreso del titular del sitio web.<\/p>\n<p>Bunshi S.L.U no se hace responsable de los da\u00f1os o perjuicios que pueda sufrir el usuario derivados del acceso a este sitio Web. Asimismo, la entidad proh\u00edbe expresamente el uso il\u00edcito y sin autorizaci\u00f3n de sus contenidos, de los que a su vez pueden derivarse responsabilidades administrativas, civiles y penales derivadas de dicho uso.<\/p>\n<p><strong>PROPIEDAD INTELECTUAL<\/strong><\/p>\n<p>De acuerdo con lo establecido por la ley de propiedad intelectual, todos los contenidos expuestos en esta p\u00e1gina web cumplen con los requisitos legales exigidos por tales disposiciones. Los contenidos, as\u00ed como dise\u00f1os, colores, c\u00f3digos, logos, ilustraciones, movimientos, textos, im\u00e1genes, y similares, son propiedad del titular de la Web. De igual modo las marcas, logos y textos est\u00e1n protegidos por la ley y en ning\u00fan caso ser\u00e1n utilizados ni tratados sin autorizaci\u00f3n expresa y por escrito del titular.<\/p>\n<p>El uso del sitio web por el usuario no supone en ning\u00fan caso cesi\u00f3n de derecho alguno de propiedad intelectual y\/o industrial del mismo.<\/p>\n<p><strong>POLITICA DE PRIVACIDAD<\/strong><\/p>\n<p>El registro del Usuario en el sitio web supone la aceptaci\u00f3n total de los t\u00e9rminos y condiciones recogidos en la presente Pol\u00edtica de Privacidad, oblig\u00e1ndose expresamente a su respeto y cumplimiento.<\/p>\n<p><strong>A) DATOS PERSONALES E IDENTIFICATIVOS OBTENIDOS A TRAV\u00c9S DE LA WEB<\/strong><\/p>\n<p>Le informamos de que, seg\u00fan lo dispuesto en la <strong>Ley Org\u00e1nica 15\/1999, de 13 de diciembre, de Protecci\u00f3n de Datos de Car\u00e1cter Personal y el Real Decreto 1720\/2007, de 21 de diciembre, por el que se aprueba el Reglamento de desarrollo de la Ley Org\u00e1nica 15\/1999, de 13 de diciembre, de protecci\u00f3n de datos de car\u00e1cter personal, <\/strong>los datos personales que nos ha facilitado en este sitio web ser\u00e1n incorporados a un fichero propiedad de Bunshi S.L.U, con CIF B24503880, inscrito en la Agencia Espa\u00f1ola de Protecci\u00f3n de Datos y que cumple con las medidas de seguridad exigidas por la ley, de acuerdo con la Ley Org\u00e1nica 15\/1999, de 13 de diciembre, de Protecci\u00f3n de Datos de Car\u00e1cter Personal. Dichos datos se trataran con la finalidad de gestionar los servicios contratados y para mantenerle informado de las novedades y promociones comerciales de nuestra entidad.<\/p>\n<p>En cumplimiento de lo establecido en el art\u00edculo 22 de la Ley 34\/2002, de 11 de julio, de Servicios de la Sociedad de la Informaci\u00f3n y de Comercio Electr\u00f3nico (LSSI), el titular autoriza expresamente a Bunshi S.L.U a enviarle comunicaciones comerciales por correo electr\u00f3nico o por cualquier otro medio de comunicaci\u00f3n equivalente, salvo que nos indique lo contrario enviando una comunicaci\u00f3n a la direcci\u00f3n de correo electr\u00f3nico <a href=\"mailto:info@artevidasuites.com\">info@artevidasuites.com<\/a>.<\/p>\n<p>El usuario se compromete a aportar la informaci\u00f3n de car\u00e1cter obligatoria a la entidad. Asimismo, el usuario asume que tal informaci\u00f3n es veraz y actualizada al d\u00eda de su aportaci\u00f3n. Igualmente le informamos que puede ejercitar los derechos de acceso, cancelaci\u00f3n, rectificaci\u00f3n u oposici\u00f3n enviando la solicitud acreditada con el DNI correspondiente a la siguiente direcci\u00f3n: Calle Laurel de San Mat\u00edas 8, 18009 Granada, o escribiendo un correo electr\u00f3nico a la siguiente direcci\u00f3n: <a href=\"mailto:info@artevidasuites.com\">info@artevidasuites.com<\/a><\/p>\n<p><strong>B) CONFIDENCIALIDAD<\/strong><\/p>\n<p>El titular de la Web se compromete a salvaguardar todos los datos recogidos a trav\u00e9s de la p\u00e1gina, donde se adoptar\u00e1n las medidas de seguridad oportunas recogidas en el <strong>Real Decreto 1720\/2007, de 21 de diciembre, por el que se aprueba el Reglamento de desarrollo de la Ley Org\u00e1nica 15\/1999, de 13 de diciembre, de protecci\u00f3n de datos de car\u00e1cter personal<\/strong>, para que no sean manipuladas il\u00edcitamente, ni objeto de p\u00e9rdida o extrav\u00edo.<\/p>\n","protected":false},"excerpt":{"rendered":"<p>IDENTIDAD DEL PROPIETARIO DE LA WEB De acuerdo con lo dispuesto en el art\u00edculo 10 de la Ley 34\/2002, de 11 de julio, de Servicios de la Sociedad de la Informaci\u00f3n le informamos de que Bunshi S.L.U con CIF B24503880 y domicilio a estos efectos en Calle Laurel de San Mat\u00edas 8, 18009 Granada, registrada<\/p>\n","protected":false},"author":9,"featured_media":0,"parent":0,"menu_order":0,"comment_status":"closed","ping_status":"closed","template":"","meta":[],"categories":[],"tags":[],"yoast_head":"<!-- This site is optimized with the Yoast SEO plugin v19.0 - https:\/\/yoast.com\/wordpress\/plugins\/seo\/ -->\n<title>Legal Warning - Hotel Granada Centro | Arte Vida Suites |<\/title>\n<meta name=\"robots\" content=\"index, follow, max-snippet:-1, max-image-preview:large, max-video-preview:-1\" \/>\n<link rel=\"canonical\" href=\"https:\/\/www.artevidasuites.com\/en\/legal-warning\/\" \/>\n<meta property=\"og:locale\" content=\"en_US\" \/>\n<meta property=\"og:type\" content=\"article\" \/>\n<meta property=\"og:title\" content=\"Legal Warning - Hotel Granada Centro | Arte Vida Suites |\" \/>\n<meta property=\"og:description\" content=\"IDENTIDAD DEL PROPIETARIO DE LA WEB De acuerdo con lo dispuesto en el art\u00edculo 10 de la Ley 34\/2002, de 11 de julio, de Servicios de la Sociedad de la Informaci\u00f3n le informamos de que Bunshi S.L.U con CIF B24503880 y domicilio a estos efectos en Calle Laurel de San Mat\u00edas 8, 18009 Granada, registrada\" \/>\n<meta property=\"og:url\" content=\"https:\/\/www.artevidasuites.com\/en\/legal-warning\/\" \/>\n<meta property=\"og:site_name\" content=\"Hotel Granada Centro | Arte Vida Suites |\" \/>\n<meta property=\"article:publisher\" content=\"https:\/\/www.facebook.com\/ArteVidaSuites\/\" \/>\n<meta property=\"article:modified_time\" content=\"2019-06-10T08:35:59+00:00\" \/>\n<meta name=\"twitter:card\" content=\"summary\" \/>\n<meta name=\"twitter:site\" content=\"@ArteVidaSuites\" \/>\n<meta name=\"twitter:label1\" content=\"Est. reading time\" \/>\n\t<meta name=\"twitter:data1\" content=\"4 minutes\" \/>\n<script type=\"application\/ld+json\" class=\"yoast-schema-graph\">{\"@context\":\"https:\/\/schema.org\",\"@graph\":[{\"@type\":\"WebSite\",\"@id\":\"https:\/\/www.artevidasuites.com\/#website\",\"url\":\"https:\/\/www.artevidasuites.com\/\",\"name\":\"Hotel Granada Centro | Arte Vida Suites |\",\"description\":\"Hotel Granada Centro | Arte Vida Suites |\",\"potentialAction\":[{\"@type\":\"SearchAction\",\"target\":{\"@type\":\"EntryPoint\",\"urlTemplate\":\"https:\/\/www.artevidasuites.com\/?s={search_term_string}\"},\"query-input\":\"required name=search_term_string\"}],\"inLanguage\":\"en-US\"},{\"@type\":\"WebPage\",\"@id\":\"https:\/\/www.artevidasuites.com\/en\/legal-warning\/#webpage\",\"url\":\"https:\/\/www.artevidasuites.com\/en\/legal-warning\/\",\"name\":\"Legal Warning - Hotel Granada Centro | Arte Vida Suites |\",\"isPartOf\":{\"@id\":\"https:\/\/www.artevidasuites.com\/#website\"},\"datePublished\":\"2017-02-06T11:14:29+00:00\",\"dateModified\":\"2019-06-10T08:35:59+00:00\",\"breadcrumb\":{\"@id\":\"https:\/\/www.artevidasuites.com\/en\/legal-warning\/#breadcrumb\"},\"inLanguage\":\"en-US\",\"potentialAction\":[{\"@type\":\"ReadAction\",\"target\":[\"https:\/\/www.artevidasuites.com\/en\/legal-warning\/\"]}]},{\"@type\":\"BreadcrumbList\",\"@id\":\"https:\/\/www.artevidasuites.com\/en\/legal-warning\/#breadcrumb\",\"itemListElement\":[{\"@type\":\"ListItem\",\"position\":1,\"name\":\"Portada\",\"item\":\"https:\/\/www.artevidasuites.com\/en\/\"},{\"@type\":\"ListItem\",\"position\":2,\"name\":\"Legal Warning\"}]}]}<\/script>\n<!-- \/ Yoast SEO plugin. -->","yoast_head_json":{"title":"Legal Warning - Hotel Granada Centro | Arte Vida Suites |","robots":{"index":"index","follow":"follow","max-snippet":"max-snippet:-1","max-image-preview":"max-image-preview:large","max-video-preview":"max-video-preview:-1"},"canonical":"https:\/\/www.artevidasuites.com\/en\/legal-warning\/","og_locale":"en_US","og_type":"article","og_title":"Legal Warning - Hotel Granada Centro | Arte Vida Suites |","og_description":"IDENTIDAD DEL PROPIETARIO DE LA WEB De acuerdo con lo dispuesto en el art\u00edculo 10 de la Ley 34\/2002, de 11 de julio, de Servicios de la Sociedad de la Informaci\u00f3n le informamos de que Bunshi S.L.U con CIF B24503880 y domicilio a estos efectos en Calle Laurel de San Mat\u00edas 8, 18009 Granada, registrada","og_url":"https:\/\/www.artevidasuites.com\/en\/legal-warning\/","og_site_name":"Hotel Granada Centro | Arte Vida Suites |","article_publisher":"https:\/\/www.facebook.com\/ArteVidaSuites\/","article_modified_time":"2019-06-10T08:35:59+00:00","twitter_card":"summary","twitter_site":"@ArteVidaSuites","twitter_misc":{"Est. reading time":"4 minutes"},"schema":{"@context":"https:\/\/schema.org","@graph":[{"@type":"WebSite","@id":"https:\/\/www.artevidasuites.com\/#website","url":"https:\/\/www.artevidasuites.com\/","name":"Hotel Granada Centro | Arte Vida Suites |","description":"Hotel Granada Centro | Arte Vida Suites |","potentialAction":[{"@type":"SearchAction","target":{"@type":"EntryPoint","urlTemplate":"https:\/\/www.artevidasuites.com\/?s={search_term_string}"},"query-input":"required name=search_term_string"}],"inLanguage":"en-US"},{"@type":"WebPage","@id":"https:\/\/www.artevidasuites.com\/en\/legal-warning\/#webpage","url":"https:\/\/www.artevidasuites.com\/en\/legal-warning\/","name":"Legal Warning - Hotel Granada Centro | Arte Vida Suites |","isPartOf":{"@id":"https:\/\/www.artevidasuites.com\/#website"},"datePublished":"2017-02-06T11:14:29+00:00","dateModified":"2019-06-10T08:35:59+00:00","breadcrumb":{"@id":"https:\/\/www.artevidasuites.com\/en\/legal-warning\/#breadcrumb"},"inLanguage":"en-US","potentialAction":[{"@type":"ReadAction","target":["https:\/\/www.artevidasuites.com\/en\/legal-warning\/"]}]},{"@type":"BreadcrumbList","@id":"https:\/\/www.artevidasuites.com\/en\/legal-warning\/#breadcrumb","itemListElement":[{"@type":"ListItem","position":1,"name":"Portada","item":"https:\/\/www.artevidasuites.com\/en\/"},{"@type":"ListItem","position":2,"name":"Legal Warning"}]}]}},"_links":{"self":[{"href":"https:\/\/www.artevidasuites.com\/en\/wp-json\/wp\/v2\/pages\/2133\/"}],"collection":[{"href":"https:\/\/www.artevidasuites.com\/en\/wp-json\/wp\/v2\/pages\/"}],"about":[{"href":"https:\/\/www.artevidasuites.com\/en\/wp-json\/wp\/v2\/types\/page\/"}],"author":[{"embeddable":true,"href":"https:\/\/www.artevidasuites.com\/en\/wp-json\/wp\/v2\/users\/9\/"}],"replies":[{"embeddable":true,"href":"https:\/\/www.artevidasuites.com\/en\/wp-json\/wp\/v2\/comments\/?post=2133"}],"version-history":[{"count":3,"href":"https:\/\/www.artevidasuites.com\/en\/wp-json\/wp\/v2\/pages\/2133\/revisions\/"}],"predecessor-version":[{"id":3303,"href":"https:\/\/www.artevidasuites.com\/en\/wp-json\/wp\/v2\/pages\/2133\/revisions\/3303\/"}],"wp:attachment":[{"href":"https:\/\/www.artevidasuites.com\/en\/wp-json\/wp\/v2\/media\/?parent=2133"}],"wp:term":[{"taxonomy":"category","embeddable":true,"href":"https:\/\/www.artevidasuites.com\/en\/wp-json\/wp\/v2\/categories\/?post=2133"},{"taxonomy":"post_tag","embeddable":true,"href":"https:\/\/www.artevidasuites.com\/en\/wp-json\/wp\/v2\/tags\/?post=2133"}],"curies":[{"name":"wp","href":"https:\/\/api.w.org\/{rel}","templated":true}]}}